{"id":11,"date":"2021-03-30T04:35:17","date_gmt":"2021-03-30T04:35:17","guid":{"rendered":"https:\/\/www.franchise.haagen-dazs.global\/fr\/?page_id=11"},"modified":"2021-12-21T10:28:44","modified_gmt":"2021-12-21T10:28:44","slug":"franchise","status":"publish","type":"page","link":"https:\/\/www.franchise.haagen-dazs.global\/fr\/franchise\/","title":{"rendered":"Franchise"},"content":{"rendered":"","protected":false},"excerpt":{"rendered":"","protected":false},"author":5,"featured_media":0,"parent":0,"menu_order":0,"comment_status":"closed","ping_status":"closed","template":"template-modules.php","meta":{"footnotes":""},"class_list":["post-11","page","type-page","status-publish","hentry"],"yoast_head":"<!-- This site is optimized with the Yoast SEO plugin v22.5 - https:\/\/yoast.com\/wordpress\/plugins\/seo\/ -->\n<title>Pourquoi Nous Choisir? | H\u00e4agen-Dazs Franchise<\/title>\n<meta name=\"description\" content=\"Pourquoi choisir H\u00e4agen-Dazs pour votre Franchise? Lorsque vous rejoignez notre r\u00e9seau H\u00e4agen-Dazs, nous nous engageons envers vous sur le long terme.\" \/>\n<meta name=\"robots\" content=\"index, follow, max-snippet:-1, max-image-preview:large, max-video-preview:-1\" \/>\n<link rel=\"canonical\" href=\"https:\/\/www.franchise.haagen-dazs.global\/fr\/franchise\/\" \/>\n<meta property=\"og:locale\" content=\"fr_FR\" \/>\n<meta property=\"og:type\" content=\"article\" \/>\n<meta property=\"og:title\" content=\"Pourquoi Nous Choisir? | H\u00e4agen-Dazs Franchise\" \/>\n<meta property=\"og:description\" content=\"Pourquoi choisir H\u00e4agen-Dazs pour votre Franchise? Lorsque vous rejoignez notre r\u00e9seau H\u00e4agen-Dazs, nous nous engageons envers vous sur le long terme.\" \/>\n<meta property=\"og:url\" content=\"https:\/\/www.franchise.haagen-dazs.global\/fr\/franchise\/\" \/>\n<meta property=\"og:site_name\" content=\"France (Fran\u00e7ais)\" \/>\n<meta property=\"article:publisher\" content=\"https:\/\/fr-fr.facebook.com\/HaagenDazsFrance\" \/>\n<meta property=\"article:modified_time\" content=\"2021-12-21T10:28:44+00:00\" \/>\n<meta name=\"twitter:card\" content=\"summary_large_image\" \/>\n<meta name=\"twitter:site\" content=\"@Haagen_Dazs_FR\" \/>\n<script type=\"application\/ld+json\" class=\"yoast-schema-graph\">{\"@context\":\"https:\/\/schema.org\",\"@graph\":[{\"@type\":\"WebPage\",\"@id\":\"https:\/\/www.franchise.haagen-dazs.global\/fr\/franchise\/\",\"url\":\"https:\/\/www.franchise.haagen-dazs.global\/fr\/franchise\/\",\"name\":\"Pourquoi Nous Choisir? | H\u00e4agen-Dazs Franchise\",\"isPartOf\":{\"@id\":\"https:\/\/www.franchise.haagen-dazs.global\/fr\/#website\"},\"datePublished\":\"2021-03-30T04:35:17+00:00\",\"dateModified\":\"2021-12-21T10:28:44+00:00\",\"description\":\"Pourquoi choisir H\u00e4agen-Dazs pour votre Franchise? Lorsque vous rejoignez notre r\u00e9seau H\u00e4agen-Dazs, nous nous engageons envers vous sur le long terme.\",\"breadcrumb\":{\"@id\":\"https:\/\/www.franchise.haagen-dazs.global\/fr\/franchise\/#breadcrumb\"},\"inLanguage\":\"fr-FR\",\"potentialAction\":[{\"@type\":\"ReadAction\",\"target\":[\"https:\/\/www.franchise.haagen-dazs.global\/fr\/franchise\/\"]}]},{\"@type\":\"BreadcrumbList\",\"@id\":\"https:\/\/www.franchise.haagen-dazs.global\/fr\/franchise\/#breadcrumb\",\"itemListElement\":[{\"@type\":\"ListItem\",\"position\":1,\"name\":\"Home\",\"item\":\"https:\/\/www.franchise.haagen-dazs.global\/fr\/\"},{\"@type\":\"ListItem\",\"position\":2,\"name\":\"Franchise\"}]},{\"@type\":\"WebSite\",\"@id\":\"https:\/\/www.franchise.haagen-dazs.global\/fr\/#website\",\"url\":\"https:\/\/www.franchise.haagen-dazs.global\/fr\/\",\"name\":\"France (Fran\u00e7ais)\",\"description\":\"Just another Support Archive Site Sites site\",\"publisher\":{\"@id\":\"https:\/\/www.franchise.haagen-dazs.global\/fr\/#organization\"},\"potentialAction\":[{\"@type\":\"SearchAction\",\"target\":{\"@type\":\"EntryPoint\",\"urlTemplate\":\"https:\/\/www.franchise.haagen-dazs.global\/fr\/?s={search_term_string}\"},\"query-input\":\"required name=search_term_string\"}],\"inLanguage\":\"fr-FR\"},{\"@type\":\"Organization\",\"@id\":\"https:\/\/www.franchise.haagen-dazs.global\/fr\/#organization\",\"name\":\"H\u00e4agen Dazs\",\"url\":\"https:\/\/www.franchise.haagen-dazs.global\/fr\/\",\"logo\":{\"@type\":\"ImageObject\",\"inLanguage\":\"fr-FR\",\"@id\":\"https:\/\/www.franchise.haagen-dazs.global\/fr\/#\/schema\/logo\/image\/\",\"url\":\"https:\/\/www.franchise.haagen-dazs.global\/fr\/wp-content\/uploads\/sites\/7\/2021\/04\/logo.jpg\",\"contentUrl\":\"https:\/\/www.franchise.haagen-dazs.global\/fr\/wp-content\/uploads\/sites\/7\/2021\/04\/logo.jpg\",\"width\":187,\"height\":88,\"caption\":\"H\u00e4agen Dazs\"},\"image\":{\"@id\":\"https:\/\/www.franchise.haagen-dazs.global\/fr\/#\/schema\/logo\/image\/\"},\"sameAs\":[\"https:\/\/fr-fr.facebook.com\/HaagenDazsFrance\",\"https:\/\/x.com\/Haagen_Dazs_FR\",\"https:\/\/www.instagram.com\/haagendazsfrance\/\"]}]}<\/script>\n<!-- \/ Yoast SEO plugin. -->","yoast_head_json":{"title":"Pourquoi Nous Choisir? | H\u00e4agen-Dazs Franchise","description":"Pourquoi choisir H\u00e4agen-Dazs pour votre Franchise? Lorsque vous rejoignez notre r\u00e9seau H\u00e4agen-Dazs, nous nous engageons envers vous sur le long terme.","robots":{"index":"index","follow":"follow","max-snippet":"max-snippet:-1","max-image-preview":"max-image-preview:large","max-video-preview":"max-video-preview:-1"},"canonical":"https:\/\/www.franchise.haagen-dazs.global\/fr\/franchise\/","og_locale":"fr_FR","og_type":"article","og_title":"Pourquoi Nous Choisir? | H\u00e4agen-Dazs Franchise","og_description":"Pourquoi choisir H\u00e4agen-Dazs pour votre Franchise? Lorsque vous rejoignez notre r\u00e9seau H\u00e4agen-Dazs, nous nous engageons envers vous sur le long terme.","og_url":"https:\/\/www.franchise.haagen-dazs.global\/fr\/franchise\/","og_site_name":"France (Fran\u00e7ais)","article_publisher":"https:\/\/fr-fr.facebook.com\/HaagenDazsFrance","article_modified_time":"2021-12-21T10:28:44+00:00","twitter_card":"summary_large_image","twitter_site":"@Haagen_Dazs_FR","schema":{"@context":"https:\/\/schema.org","@graph":[{"@type":"WebPage","@id":"https:\/\/www.franchise.haagen-dazs.global\/fr\/franchise\/","url":"https:\/\/www.franchise.haagen-dazs.global\/fr\/franchise\/","name":"Pourquoi Nous Choisir? | H\u00e4agen-Dazs Franchise","isPartOf":{"@id":"https:\/\/www.franchise.haagen-dazs.global\/fr\/#website"},"datePublished":"2021-03-30T04:35:17+00:00","dateModified":"2021-12-21T10:28:44+00:00","description":"Pourquoi choisir H\u00e4agen-Dazs pour votre Franchise? Lorsque vous rejoignez notre r\u00e9seau H\u00e4agen-Dazs, nous nous engageons envers vous sur le long terme.","breadcrumb":{"@id":"https:\/\/www.franchise.haagen-dazs.global\/fr\/franchise\/#breadcrumb"},"inLanguage":"fr-FR","potentialAction":[{"@type":"ReadAction","target":["https:\/\/www.franchise.haagen-dazs.global\/fr\/franchise\/"]}]},{"@type":"BreadcrumbList","@id":"https:\/\/www.franchise.haagen-dazs.global\/fr\/franchise\/#breadcrumb","itemListElement":[{"@type":"ListItem","position":1,"name":"Home","item":"https:\/\/www.franchise.haagen-dazs.global\/fr\/"},{"@type":"ListItem","position":2,"name":"Franchise"}]},{"@type":"WebSite","@id":"https:\/\/www.franchise.haagen-dazs.global\/fr\/#website","url":"https:\/\/www.franchise.haagen-dazs.global\/fr\/","name":"France (Fran\u00e7ais)","description":"Just another Support Archive Site Sites site","publisher":{"@id":"https:\/\/www.franchise.haagen-dazs.global\/fr\/#organization"},"potentialAction":[{"@type":"SearchAction","target":{"@type":"EntryPoint","urlTemplate":"https:\/\/www.franchise.haagen-dazs.global\/fr\/?s={search_term_string}"},"query-input":"required name=search_term_string"}],"inLanguage":"fr-FR"},{"@type":"Organization","@id":"https:\/\/www.franchise.haagen-dazs.global\/fr\/#organization","name":"H\u00e4agen Dazs","url":"https:\/\/www.franchise.haagen-dazs.global\/fr\/","logo":{"@type":"ImageObject","inLanguage":"fr-FR","@id":"https:\/\/www.franchise.haagen-dazs.global\/fr\/#\/schema\/logo\/image\/","url":"https:\/\/www.franchise.haagen-dazs.global\/fr\/wp-content\/uploads\/sites\/7\/2021\/04\/logo.jpg","contentUrl":"https:\/\/www.franchise.haagen-dazs.global\/fr\/wp-content\/uploads\/sites\/7\/2021\/04\/logo.jpg","width":187,"height":88,"caption":"H\u00e4agen Dazs"},"image":{"@id":"https:\/\/www.franchise.haagen-dazs.global\/fr\/#\/schema\/logo\/image\/"},"sameAs":["https:\/\/fr-fr.facebook.com\/HaagenDazsFrance","https:\/\/x.com\/Haagen_Dazs_FR","https:\/\/www.instagram.com\/haagendazsfrance\/"]}]}},"_links":{"self":[{"href":"https:\/\/www.franchise.haagen-dazs.global\/fr\/wp-json\/wp\/v2\/pages\/11","targetHints":{"allow":["GET"]}}],"collection":[{"href":"https:\/\/www.franchise.haagen-dazs.global\/fr\/wp-json\/wp\/v2\/pages"}],"about":[{"href":"https:\/\/www.franchise.haagen-dazs.global\/fr\/wp-json\/wp\/v2\/types\/page"}],"author":[{"embeddable":true,"href":"https:\/\/www.franchise.haagen-dazs.global\/fr\/wp-json\/wp\/v2\/users\/5"}],"replies":[{"embeddable":true,"href":"https:\/\/www.franchise.haagen-dazs.global\/fr\/wp-json\/wp\/v2\/comments?post=11"}],"version-history":[{"count":0,"href":"https:\/\/www.franchise.haagen-dazs.global\/fr\/wp-json\/wp\/v2\/pages\/11\/revisions"}],"wp:attachment":[{"href":"https:\/\/www.franchise.haagen-dazs.global\/fr\/wp-json\/wp\/v2\/media?parent=11"}],"curies":[{"name":"wp","href":"https:\/\/api.w.org\/{rel}","templated":true}]}}